{"id":2338,"date":"2019-08-28T13:37:11","date_gmt":"2019-08-28T13:37:11","guid":{"rendered":"https:\/\/proudlyportugal.pt\/request-for-directory\/"},"modified":"2023-03-14T16:23:39","modified_gmt":"2023-03-14T16:23:39","slug":"participacao-diretorio","status":"publish","type":"page","link":"https:\/\/www.proudlyportugal.pt\/pt-pt\/informacoes\/participacao-diretorio\/","title":{"rendered":"Participa\u00e7\u00e3o no diret\u00f3rio Proudly Portugal"},"content":{"rendered":"\n<p>O Proudly Portugal \u00e9 uma plataforma destinada \u00e0 promo\u00e7\u00e3o de Portugal como um destino tur\u00edstico LGBTI-friendly. Aqui partilhamos a riqueza natural do pa\u00eds, os servi\u00e7os e a hospitalidade, a gastronomia, o lazer e outros setores cuja oferta \u00e9 direcionada para a comunidade LGBTI.<br><br>Se te identificas com a nossa miss\u00e3o e pretendes aparecer na lista de sugest\u00f5es dispon\u00edveis na p\u00e1gina <a href=\"https:\/\/www.proudlyportugal.pt\/pt-pt\/directory\/\" target=\"_blank\" rel=\"noopener\" title=\"\">Experi\u00eancias<\/a>, pedimos-te que preenchas e submetas o formul\u00e1rio abaixo. Vamos analis\u00e1-lo e entraremos em contacto contigo assim que poss\u00edvel.<\/p>\n\n\n\n<p>Convidamos-te ainda a <a href=\"https:\/\/www.proudlyportugal.pt\/files\/uploads\/2020\/01\/PP_Documento_adesao_diretorio_PT-2-1.pdf\" target=\"_blank\" rel=\"noreferrer noopener\" aria-label=\" (opens in a new tab)\">descarregar e ler os termos e condi\u00e7\u00f5es<\/a> de participa\u00e7\u00e3o no diret\u00f3rio Proudly Portugal.<\/p>\n\n\n\n<div class=\"wp-block-kobu-custom-blocks-responsive-spacer responsive-spacer size-medium\"><\/div>\n\n\n\n<p><strong>Dados do utilizador (os campos s\u00e3o todos obrigat\u00f3rios)<\/strong><\/p>\n\n\n\n<div class=\"wpcf7 no-js\" id=\"wpcf7-f2580-o1\" lang=\"en-US\" dir=\"ltr\" data-wpcf7-id=\"2580\">\n<div class=\"screen-reader-response\"><p role=\"status\" aria-live=\"polite\" aria-atomic=\"true\"><\/p> <ul><\/ul><\/div>\n<form action=\"\/pt-pt\/wp-json\/wp\/v2\/pages\/2338#wpcf7-f2580-o1\" method=\"post\" class=\"wpcf7-form init\" aria-label=\"Contact form\" novalidate=\"novalidate\" data-status=\"init\">\n<div style=\"display: none;\">\n<input type=\"hidden\" name=\"_wpcf7\" value=\"2580\" \/>\n<input type=\"hidden\" name=\"_wpcf7_version\" value=\"6.0.5\" \/>\n<input type=\"hidden\" name=\"_wpcf7_locale\" value=\"en_US\" \/>\n<input type=\"hidden\" name=\"_wpcf7_unit_tag\" value=\"wpcf7-f2580-o1\" \/>\n<input type=\"hidden\" name=\"_wpcf7_container_post\" value=\"0\" \/>\n<input type=\"hidden\" name=\"_wpcf7_posted_data_hash\" value=\"\" \/>\n<input type=\"hidden\" name=\"_wpcf7_recaptcha_response\" value=\"\" \/>\n<\/div>\n<p><label for=\"contact_fn\">primeiro nome*<\/label><span class=\"wpcf7-form-control-wrap\" data-name=\"contact_fn\"><input size=\"40\" maxlength=\"400\" class=\"wpcf7-form-control wpcf7-text wpcf7-validates-as-required\" id=\"contact_fn\" aria-required=\"true\" aria-invalid=\"false\" placeholder=\"primeiro nome\" value=\"\" type=\"text\" name=\"contact_fn\" \/><\/span>\n<\/p>\n<p><label for=\"contact_ln\">\u00faltimo nome*<\/label><span class=\"wpcf7-form-control-wrap\" data-name=\"contact_ln\"><input size=\"40\" maxlength=\"400\" class=\"wpcf7-form-control wpcf7-text wpcf7-validates-as-required\" id=\"contact_ln\" aria-required=\"true\" aria-invalid=\"false\" placeholder=\"\u00faltimo nome\" value=\"\" type=\"text\" name=\"contact_ln\" \/><\/span>\n<\/p>\n<p><label for=\"contact_cn\">nome da empresa*<\/label><span class=\"wpcf7-form-control-wrap\" data-name=\"contact_cn\"><input size=\"40\" maxlength=\"400\" class=\"wpcf7-form-control wpcf7-text wpcf7-validates-as-required\" id=\"contact_cn\" aria-required=\"true\" aria-invalid=\"false\" placeholder=\"nome da empresa\" value=\"\" type=\"text\" name=\"contact_cn\" \/><\/span>\n<\/p>\n<p><label for=\"contact_nif\">NIF da empresa*<\/label><span class=\"wpcf7-form-control-wrap\" data-name=\"contact_nif\"><input size=\"40\" maxlength=\"400\" class=\"wpcf7-form-control wpcf7-text wpcf7-validates-as-required\" id=\"contact_nif\" aria-required=\"true\" aria-invalid=\"false\" placeholder=\"NIF da empresa\" value=\"\" type=\"text\" name=\"contact_nif\" \/><\/span>\n<\/p>\n<p><label for=\"contact_email\">email*<\/label><span class=\"wpcf7-form-control-wrap\" data-name=\"contact_email\"><input size=\"40\" maxlength=\"400\" class=\"wpcf7-form-control wpcf7-email wpcf7-validates-as-required wpcf7-text wpcf7-validates-as-email\" id=\"contact_email\" aria-required=\"true\" aria-invalid=\"false\" placeholder=\"email\" value=\"\" type=\"email\" name=\"contact_email\" \/><\/span>\n<\/p>\n<p><label for=\"contact_phone\">contacto telef\u00f3nico*<\/label><span class=\"wpcf7-form-control-wrap\" data-name=\"contact_phone\"><input size=\"40\" maxlength=\"400\" class=\"wpcf7-form-control wpcf7-text wpcf7-validates-as-required\" id=\"contact_phone\" aria-required=\"true\" aria-invalid=\"false\" placeholder=\"contacto telef\u00f3nico\" value=\"\" type=\"text\" name=\"contact_phone\" \/><\/span>\n<\/p>\n<p><label for=\"contact_message\">mensagem*<\/label><span class=\"wpcf7-form-control-wrap\" data-name=\"contact_message\"><textarea cols=\"40\" rows=\"10\" maxlength=\"2000\" class=\"wpcf7-form-control wpcf7-textarea wpcf7-validates-as-required\" id=\"contact_message\" aria-required=\"true\" aria-invalid=\"false\" placeholder=\"explica porque \u00e9 que acreditas ser uma empresa adequada para estar em destaque neste diret\u00f3rio\" name=\"contact_message\"><\/textarea><\/span>\n<\/p>\n<div class=\"acceptance-group\">\n\t<p><span class=\"wpcf7-form-control-wrap\" data-name=\"acceptance_terms\"><span class=\"wpcf7-form-control wpcf7-acceptance\"><span class=\"wpcf7-list-item\"><label><input type=\"checkbox\" name=\"acceptance_terms\" value=\"1\" aria-invalid=\"false\" \/><span class=\"wpcf7-list-item-label\">Concordo com a <a href=\"https:\/\/www.proudlyportugal.pt\/pt-pt\/informacoes\/privacy-policy\/\" target=\"_blank\">Pol\u00edtica de Privacidade<\/a> do Proudly Portugal<\/span><\/label><\/span><\/span><\/span><br \/>\n<!-- Mailchimp for WordPress v4.10.2 - https:\/\/www.mc4wp.com\/ --><input type=\"hidden\" name=\"_mc4wp_subscribe_contact-form-7\" value=\"0\" \/><span class=\"mc4wp-checkbox mc4wp-checkbox-contact-form-7 \"><label><input type=\"checkbox\" name=\"_mc4wp_subscribe_contact-form-7\" value=\"1\" ><span><span class=\"cf7-subscribe-newsletter\">Sign me up for the newsletter!<\/span><\/span><\/label><\/span><!-- \/ Mailchimp for WordPress -->\n\t<\/p>\n<\/div>\n<p class=\"text-right\"><span class=\"submit-wrapper\"><input class=\"wpcf7-form-control wpcf7-submit has-spinner\" type=\"submit\" value=\"enviar\" \/><\/span>\n<\/p><div class=\"wpcf7-response-output\" aria-hidden=\"true\"><\/div>\n<\/form>\n<\/div>\n\n","protected":false},"excerpt":{"rendered":"<p>Queres estar em destaque no Diret\u00f3rio do Proudly Portugal como sugest\u00e3o para aqueles que procuram uma oferta tur\u00edstica distinta, memor\u00e1vel e divertida?<\/p>\n","protected":false},"author":1,"featured_media":0,"parent":2340,"menu_order":0,"comment_status":"closed","ping_status":"closed","template":"","meta":{"_acf_changed":false,"footnotes":""},"class_list":["post-2338","page","type-page","status-publish","hentry","page-entry"],"acf":[],"aioseo_notices":[],"_links":{"self":[{"href":"https:\/\/www.proudlyportugal.pt\/pt-pt\/wp-json\/wp\/v2\/pages\/2338","targetHints":{"allow":["GET"]}}],"collection":[{"href":"https:\/\/www.proudlyportugal.pt\/pt-pt\/wp-json\/wp\/v2\/pages"}],"about":[{"href":"https:\/\/www.proudlyportugal.pt\/pt-pt\/wp-json\/wp\/v2\/types\/page"}],"author":[{"embeddable":true,"href":"https:\/\/www.proudlyportugal.pt\/pt-pt\/wp-json\/wp\/v2\/users\/1"}],"replies":[{"embeddable":true,"href":"https:\/\/www.proudlyportugal.pt\/pt-pt\/wp-json\/wp\/v2\/comments?post=2338"}],"version-history":[{"count":5,"href":"https:\/\/www.proudlyportugal.pt\/pt-pt\/wp-json\/wp\/v2\/pages\/2338\/revisions"}],"predecessor-version":[{"id":4715,"href":"https:\/\/www.proudlyportugal.pt\/pt-pt\/wp-json\/wp\/v2\/pages\/2338\/revisions\/4715"}],"up":[{"embeddable":true,"href":"https:\/\/www.proudlyportugal.pt\/pt-pt\/wp-json\/wp\/v2\/pages\/2340"}],"wp:attachment":[{"href":"https:\/\/www.proudlyportugal.pt\/pt-pt\/wp-json\/wp\/v2\/media?parent=2338"}],"curies":[{"name":"wp","href":"https:\/\/api.w.org\/{rel}","templated":true}]}}