{"id":2342,"date":"2019-08-28T13:34:20","date_gmt":"2019-08-28T13:34:20","guid":{"rendered":"https:\/\/proudlyportugal.pt\/historic-routes-in-algarve\/"},"modified":"2023-02-23T13:21:11","modified_gmt":"2023-02-23T13:21:11","slug":"rotas-historicas-no-algarve","status":"publish","type":"page","link":"https:\/\/www.proudlyportugal.pt\/pt-pt\/portugal-travel-to-feel\/rotas-historicas-no-algarve\/","title":{"rendered":"Rotas Hist\u00f3ricas no Algarve"},"content":{"rendered":"\n<p>Viajar sozinho \u00e9 uma experi\u00eancia \u00fanica de autodescoberta. Poder ir para onde queremos quando queremos permite-nos absorver novos lugares e ambientes no ritmo certo e com a devida aten\u00e7\u00e3o.<\/p>\n\n\n\n<p>Conhecer novas pessoas e partilhar sorrisos genu\u00ednos \u00e9 uma experi\u00eancia \u00fanica.<\/p>\n\n\n\n<p>Paco \u00e9 um cidad\u00e3o do mundo, sonhador e apaixonado pela vida. Viaja sozinho, \u00e0 medida que o cora\u00e7\u00e3o se funde com a vibra\u00e7\u00e3o de explorar novos lugares enraizados em todo o tipo de hist\u00f3rias de castelos, cavaleiros e contos m\u00e1gicos. Em Faro, Paco encontrou o cen\u00e1rio perfeito para continuar a sua caminhada pelo autoconhecimento.<\/p>\n\n\n\n<div class=\"wp-block-kobu-custom-blocks-responsive-spacer responsive-spacer size-medium\"><\/div>\n\n\n\n<div class=\"wp-block-kobu-custom-blocks-section-wrapper alignfull kobu-section is-layout-constrained wp-block-section-wrapper-is-layout-constrained\">\n<div class=\"wp-block-kobu-custom-blocks-responsive-spacer responsive-spacer size-medium\"><\/div>\n\n\n<div class=\"wp-block-image\">\n<figure class=\"aligncenter\"><img loading=\"lazy\" decoding=\"async\" width=\"1024\" height=\"711\" src=\"https:\/\/proudlyportugal.pt\/files\/uploads\/2019\/11\/3O2A1445_web-1024x711.jpg\" alt=\"\" class=\"wp-image-1435\" srcset=\"https:\/\/www.proudlyportugal.pt\/files\/uploads\/2019\/11\/3O2A1445_web-1024x711.jpg 1024w, https:\/\/www.proudlyportugal.pt\/files\/uploads\/2019\/11\/3O2A1445_web-300x208.jpg 300w, https:\/\/www.proudlyportugal.pt\/files\/uploads\/2019\/11\/3O2A1445_web-768x533.jpg 768w, https:\/\/www.proudlyportugal.pt\/files\/uploads\/2019\/11\/3O2A1445_web.jpg 1200w\" sizes=\"auto, (max-width: 1024px) 100vw, 1024px\" \/><figcaption class=\"wp-element-caption\">Situado no interior das muralhas do castelo e de um convento constru\u00eddo no s\u00e9culo XV, o museu de Faro oferece um vislumbre da Hist\u00f3ria que vale a pena conhecer. Perto do centro da cidade, Paco caminha pelo agrad\u00e1vel p\u00e1tio do museu.<\/figcaption><\/figure><\/div>\n\n\n<div class=\"wp-block-kobu-custom-blocks-responsive-spacer responsive-spacer size-medium\"><\/div>\n\n\n\n<h2 class=\"wp-block-heading\"><strong>Explora um dos pa\u00edses mais antigos do mundo<\/strong><\/h2>\n\n\n\n<p><br>Paco escolheu descobrir Portugal e a sua regi\u00e3o sul, com a cidade de Faro em mente, atra\u00eddo pelo seu legado tang\u00edvel &#8211; um pequeno, por\u00e9m encantador, centro hist\u00f3rico, repousa por entre muralhas antigas. A catedral g\u00f3tica, o pal\u00e1cio do bispo, as formosas ruas em cal\u00e7ada portuguesa e muitos outros detalhes remetem para o per\u00edodo \u00e1rabe na regi\u00e3o.<\/p>\n\n\n\n<p>Imerso numa atmosfera sedutora, Paco imagina mil contos de cavaleiros e fadas, tesouros e conquistas, amor e drama. Portugal mant\u00e9m edif\u00edcios formid\u00e1veis em locais deslumbrantes, que nos contam verdadeiras lendas de reis e rainhas, cada um revelando em detalhe o distinto esp\u00edrito portugu\u00eas incorporado na sua hist\u00f3ria.<\/p>\n\n\n\n<div class=\"wp-block-kobu-custom-blocks-responsive-spacer responsive-spacer size-medium\"><\/div>\n\n\n<div class=\"wp-block-image\">\n<figure class=\"aligncenter size-full\"><img loading=\"lazy\" decoding=\"async\" width=\"1200\" height=\"800\" src=\"https:\/\/proudlyportugal.pt\/files\/uploads\/2019\/11\/kobu-agency-piAkOiQfYXg-unsplash-1_2.jpg\" alt=\"\" class=\"wp-image-1798\" srcset=\"https:\/\/www.proudlyportugal.pt\/files\/uploads\/2019\/11\/kobu-agency-piAkOiQfYXg-unsplash-1_2.jpg 1200w, https:\/\/www.proudlyportugal.pt\/files\/uploads\/2019\/11\/kobu-agency-piAkOiQfYXg-unsplash-1_2-300x200.jpg 300w, https:\/\/www.proudlyportugal.pt\/files\/uploads\/2019\/11\/kobu-agency-piAkOiQfYXg-unsplash-1_2-1024x683.jpg 1024w, https:\/\/www.proudlyportugal.pt\/files\/uploads\/2019\/11\/kobu-agency-piAkOiQfYXg-unsplash-1_2-768x512.jpg 768w\" sizes=\"auto, (max-width: 1200px) 100vw, 1200px\" \/><figcaption class=\"wp-element-caption\">A Marina \u00e9 muito central em Faro e, ao caminhar, leva-nos \u00e0 Catedral e ao Castelo de Faro. Uma \u00e1rea relaxante com hot\u00e9is pr\u00f3ximos, bares, barcos de aluguer, restaurantes, s\u00edtios ao ar livre e locais art\u00edsticos para explorar.<\/figcaption><\/figure><\/div>\n\n\n<div class=\"wp-block-kobu-custom-blocks-responsive-spacer responsive-spacer size-medium\"><\/div>\n\n\n\n<h2 class=\"wp-block-heading\"><strong>O Algarve solarengo espera por ti!<\/strong><\/h2>\n\n\n\n<p>Faro \u00e9 a capital do Algarve, a radiante regi\u00e3o sul de Portugal.<\/p>\n\n\n\n<p>No centro da cidade, descobrimos o cora\u00e7\u00e3o pulsante da Vila Adentro, bem como o Convento Renascentista de Nossa Senhora da Assun\u00e7\u00e3o, do s\u00e9culo XVI. Situado onde outrora existia um bairro judeu, este lugar especial representa grande parte da ascend\u00eancia de Portugal, tendo conseguido sobreviver ao longo do tempo \u00e0 presen\u00e7a de v\u00e1rios povos e culturas no territ\u00f3rio.<\/p>\n\n\n\n<div class=\"wp-block-kobu-custom-blocks-responsive-spacer responsive-spacer size-medium\"><\/div>\n\n\n\n<div class=\"wp-block-kobu-custom-blocks-margin-aligned-image alignfull  align-left valign-center img-first\"><div class=\"media-col\"><figure><img decoding=\"async\" src=\"https:\/\/proudlyportugal.pt\/files\/uploads\/2019\/11\/3O2A1585_web.jpg\" alt=\"\" title=\"3O2A1585_web\"\/><\/figure><\/div><div class=\"content-col\"><div class=\"content-col-wrapper\">\n<h2 class=\"wp-block-heading\"><strong>Torna-te parte da Hist\u00f3ria de Portugal<\/strong><\/h2>\n\n\n\n<p>Hoje, \u00e9 o Museu de Hist\u00f3ria da cidade, abrigando uma vasta cole\u00e7\u00e3o arqueol\u00f3gica, um Mosaico do Oceano do s\u00e9culo III, artefatos isl\u00e2micos do s\u00e9culo IX ao XIII, que exalam lendas capazes de capturar a imagina\u00e7\u00e3o enquanto nos ensinam sobre as tradi\u00e7\u00f5es portuguesas.<\/p>\n\n\n\n<p><br>\u00c0 tua esquerda, situada \u00e0 entrada do Museu, est\u00e1 a est\u00e1tua do Rei Afonso III, uma figura hist\u00f3rica importante, respons\u00e1vel pela Reconquista do Algarve, em 1249.<\/p>\n<\/div><\/div><\/div>\n\n\n\n<div class=\"wp-block-kobu-custom-blocks-responsive-spacer responsive-spacer size-medium\"><\/div>\n\n\n\n<p class=\"has-text-align-center is-style-serif has-large-font-size\">Cada pal\u00e1cio de conto de fadas, cada castelo encantado, cada mosteiro m\u00edstico &#8211; sai \u00e0 rua e parte \u00e0 descoberta!<\/p>\n\n\n\n<div class=\"wp-block-kobu-custom-blocks-responsive-spacer responsive-spacer size-medium\"><\/div>\n\n\n\n<div class=\"wp-block-kobu-custom-blocks-columns-group alignwide valign-masonry img-keep\">\n<div class=\"wp-block-kobu-custom-blocks-columns-group-item child-item align-right valign-masonry img-last\"><div class=\"content-col\"><div class=\"content-col-wrapper\">\n<h2 class=\"wp-block-heading\"><strong>Lugares peculiares e experi\u00eancias m\u00e1gicas<\/strong><\/h2>\n\n\n\n<p>Portugal nasceu em 1143, o que o torna num dos pa\u00edses mais antigos da Europa e de todo o Mundo. Hoje, \u00e9 tamb\u00e9m um dos destinos tur\u00edsticos mais amig\u00e1veis e seguros para a comunidade LGBTI. Nos s\u00e9culos XV e XVI, Portugal foi pioneiro nas expedi\u00e7\u00f5es dos Descobrimentos. Desde ent\u00e3o, as sociedades portuguesas iniciaram contato e um valioso interc\u00e2mbio com diferentes culturas e religi\u00f5es de v\u00e1rias regi\u00f5es do mundo.<\/p>\n\n\n\n<p>A singularidade do passado deste pa\u00eds combina com o seu estilo de vida moderno e contempor\u00e2neo. Em Portugal, podes imaginar contos e hist\u00f3rias, contemplar monumentos hist\u00f3ricos, enquanto desfrutas de um ambiente de respeito e aceita\u00e7\u00e3o social.<\/p>\n\n\n\n<p><\/p>\n<\/div><\/div><div class=\"media-col\"><img decoding=\"async\" src=\"https:\/\/proudlyportugal.pt\/files\/uploads\/2019\/11\/3O2A1349_web.jpg\" alt=\"\" title=\"3O2A1349_web\"\/><\/div><\/div>\n\n\n\n<div class=\"wp-block-kobu-custom-blocks-columns-group-item child-item align-left valign-masonry img-first\"><div class=\"media-col\"><img decoding=\"async\" src=\"https:\/\/proudlyportugal.pt\/files\/uploads\/2019\/11\/3O2A1352_web.jpg\" alt=\"\" title=\"3O2A1352_web\"\/><\/div><div class=\"content-col\"><div class=\"content-col-wrapper\">\n<h2 class=\"wp-block-heading\"><strong>Descobre o nosso pa\u00eds e faz dele o teu conto de fadas<\/strong><\/h2>\n\n\n\n<p>A singularidade do passado de Portugal combina com o seu estilo de vida moderno e contempor\u00e2neo. O pa\u00eds possui 14 locais culturais designados pela UNESCO e, em todos eles, podes aprender sobre as suas origens, atrav\u00e9s das hist\u00f3rias reais de reis e cavaleiros, viagens e descobertas.<\/p>\n\n\n\n<p>Lendas esperam ser reescritas por ti..&nbsp;<\/p>\n\n\n\n<p>Num mundo de contos de fadas\u2026 Escreve a tua pr\u00f3pria hist\u00f3ria.<\/p>\n\n\n\n<p>Portugal. Viajar, para sentir.<\/p>\n<\/div><\/div><\/div>\n<\/div>\n\n\n\n<div class=\"wp-block-kobu-custom-blocks-responsive-spacer responsive-spacer size-medium\"><\/div>\n\n\n\n<h2 class=\"wp-block-heading\"><strong>Top locais imperd\u00edveis para visitar em Portugal<\/strong><\/h2>\n\n\n\n<p>Na lista abaixo, encontras v\u00e1rias sugest\u00f5es baseadas no esp\u00edrito hist\u00f3rico de Faro.<\/p>\n\n\n\n<ul class=\"wp-block-list\">\n<li><a href=\"https:\/\/www.parquesdesintra.pt\/pt\/parques-monumentos\/parque-e-palacio-de-monserrate\/\" target=\"_blank\" rel=\"noopener\" title=\"\">Pal\u00e1cio de Monserrate<\/a>, Sintra<\/li>\n\n\n\n<li><a rel=\"noreferrer noopener\" aria-label=\"Alcoba\u00e7a Monastery (opens in a new tab)\" href=\"http:\/\/www.mosteiroalcobaca.gov.pt\/pt\/index.php\" target=\"_blank\">Mosteiro de Alcoba\u00e7a<\/a>, Alcoba\u00e7a<\/li>\n\n\n\n<li><a rel=\"noreferrer noopener\" aria-label=\"Batalha Monastery (opens in a new tab)\" href=\"http:\/\/www.mosteirobatalha.gov.pt\/pt\/index.php\" target=\"_blank\">Mosteiro da Batalha<\/a>, Batalha<\/li>\n\n\n\n<li><a rel=\"noreferrer noopener\" aria-label=\"MafraNational Palace (opens in a new tab)\" href=\"http:\/\/www.palaciomafra.gov.pt\/\" target=\"_blank\">Pal\u00e1cio Nacional de Mafra<\/a>, Mafra<\/li>\n\n\n\n<li><a href=\"https:\/\/www.almeidahotels.pt\/pt\/hotel-bussaco-em-coimbra\/\" target=\"_blank\" rel=\"noopener\" title=\"\">Pal\u00e1cio do Bussaco<\/a>, Coimbra<\/li>\n\n\n\n<li><a rel=\"noreferrer noopener\" aria-label=\"Silves Castle (opens in a new tab)\" href=\"https:\/\/www.cm-silves.pt\/pt\/menu\/106\/castelo-de-silves.aspx\" target=\"_blank\">Castelo de Silves<\/a>, Silves<\/li>\n\n\n\n<li><a aria-label=\"Bel\u00e9m Tower (opens in a new tab)\" href=\"http:\/\/www.torrebelem.gov.pt\/pt\/index.php\" target=\"_blank\" rel=\"noreferrer noopener\">Torre de Bel\u00e9m<\/a>, Lisboa<\/li>\n\n\n\n<li><a href=\"http:\/\/www.torredosclerigos.pt\/en\/\">Torre dos Cl\u00e9rigos<\/a>, Porto<\/li>\n\n\n\n<li><a href=\"https:\/\/www.livrarialello.pt\/en-us\/\">Livraria Lello<\/a><a rel=\"noreferrer noopener\" href=\"https:\/\/festivalnortedanca.org\/\" target=\"_blank\">,<\/a> Porto<\/li>\n<\/ul>\n\n\n\n<div class=\"wp-block-kobu-custom-blocks-responsive-spacer responsive-spacer size-medium\"><\/div>\n\n\n\n<div class=\"wp-block-kobu-custom-blocks-slider-gallery alignwide\"><div class=\"slider-gallery gallery-container hidden  \"><div class=\"gallery \" role=\"list\"><div class=\"slide\" role=\"listitem\"><div class=\"figure-wrapper\" style=\"background-image:url(https:\/\/proudlyportugal.pt\/files\/uploads\/2019\/11\/alberto-frias-d307SyYSjDY-unsplash.jpg)\"><figure><img decoding=\"async\" src=\"https:\/\/proudlyportugal.pt\/files\/uploads\/2019\/11\/alberto-frias-d307SyYSjDY-unsplash.jpg\" alt=\"\"\/><figcaption><span>Pal\u00e1cio de Monserrate, Sintra<\/span><\/figcaption><\/figure><\/div><\/div><div class=\"slide\" role=\"listitem\"><div class=\"figure-wrapper\" style=\"background-image:url(https:\/\/proudlyportugal.pt\/files\/uploads\/2019\/11\/antonio-sessa-FJgB-xwoxRA-unsplash.jpg)\"><figure><img decoding=\"async\" src=\"https:\/\/proudlyportugal.pt\/files\/uploads\/2019\/11\/antonio-sessa-FJgB-xwoxRA-unsplash.jpg\" alt=\"\"\/><figcaption><span>Mosteiro de Alcoba\u00e7a, Alcoba\u00e7a<\/span><\/figcaption><\/figure><\/div><\/div><div class=\"slide\" role=\"listitem\"><div class=\"figure-wrapper\" style=\"background-image:url(https:\/\/proudlyportugal.pt\/files\/uploads\/2019\/11\/antonio-sessa-q2Mq-nXRTrU-unsplash.jpg)\"><figure><img decoding=\"async\" src=\"https:\/\/proudlyportugal.pt\/files\/uploads\/2019\/11\/antonio-sessa-q2Mq-nXRTrU-unsplash.jpg\" alt=\"\"\/><figcaption><span>Mosteiro da Batalha, Batalha<\/span><\/figcaption><\/figure><\/div><\/div><div class=\"slide\" role=\"listitem\"><div class=\"figure-wrapper\" style=\"background-image:url(https:\/\/proudlyportugal.pt\/files\/uploads\/2019\/11\/jez-timms-aCgM_7B-cNk-unsplash.jpg)\"><figure><img decoding=\"async\" src=\"https:\/\/proudlyportugal.pt\/files\/uploads\/2019\/11\/jez-timms-aCgM_7B-cNk-unsplash.jpg\" alt=\"\"\/><figcaption><span>Pal\u00e1cio Nacional de Mafra, Mafra<\/span><\/figcaption><\/figure><\/div><\/div><div class=\"slide\" role=\"listitem\"><div class=\"figure-wrapper\" style=\"background-image:url(https:\/\/proudlyportugal.pt\/files\/uploads\/2019\/11\/Pala\u0301cio_Hotel_de_Bussaco_XL.jpg)\"><figure><img decoding=\"async\" src=\"https:\/\/proudlyportugal.pt\/files\/uploads\/2019\/11\/Pala\u0301cio_Hotel_de_Bussaco_XL.jpg\" alt=\"\"\/><figcaption><span>Pal\u00e1cio do Bussaco, Coimbra<\/span><\/figcaption><\/figure><\/div><\/div><div class=\"slide\" role=\"listitem\"><div class=\"figure-wrapper\" style=\"background-image:url(https:\/\/proudlyportugal.pt\/files\/uploads\/2019\/11\/Entrada_do_Castelo_de_Silves.jpg)\"><figure><img decoding=\"async\" src=\"https:\/\/proudlyportugal.pt\/files\/uploads\/2019\/11\/Entrada_do_Castelo_de_Silves.jpg\" alt=\"\"\/><figcaption><span>Castelo de Silves, Silves<\/span><\/figcaption><\/figure><\/div><\/div><div class=\"slide\" role=\"listitem\"><div class=\"figure-wrapper\" style=\"background-image:url(https:\/\/proudlyportugal.pt\/files\/uploads\/2019\/11\/julia-solonina-ci19YINguoc-unsplash.jpg)\"><figure><img decoding=\"async\" src=\"https:\/\/proudlyportugal.pt\/files\/uploads\/2019\/11\/julia-solonina-ci19YINguoc-unsplash.jpg\" alt=\"\"\/><figcaption><span>Pal\u00e1cio Nacional da Pena, Sintra<\/span><\/figcaption><\/figure><\/div><\/div><div class=\"slide\" role=\"listitem\"><div class=\"figure-wrapper\" style=\"background-image:url(https:\/\/proudlyportugal.pt\/files\/uploads\/2019\/11\/Castelo_de_Sa\u0303o_Jorge_10251035013.jpg)\"><figure><img decoding=\"async\" src=\"https:\/\/proudlyportugal.pt\/files\/uploads\/2019\/11\/Castelo_de_Sa\u0303o_Jorge_10251035013.jpg\" alt=\"\"\/><figcaption><span>Castelo de S\u00e3o Jorge, Lisboa<\/span><\/figcaption><\/figure><\/div><\/div><\/div><\/div><\/div>\n\n\n\n<div class=\"wp-block-kobu-custom-blocks-responsive-spacer responsive-spacer size-xlarge\"><\/div>\n<\/div>\n","protected":false},"excerpt":{"rendered":"<p>A singularidade do passado combina com o estilo moderno de Paco. Cada pal\u00e1cio, cada castelo, todas as rotas hist\u00f3ricas do nosso Algarve &#8211; parte \u00e0 descoberta!<\/p>\n","protected":false},"author":1,"featured_media":1437,"parent":2344,"menu_order":0,"comment_status":"closed","ping_status":"closed","template":"templates\/experience.php","meta":{"_acf_changed":false,"footnotes":""},"class_list":["post-2342","page","type-page","status-publish","has-post-thumbnail","hentry","page-entry"],"acf":[],"aioseo_notices":[],"_links":{"self":[{"href":"https:\/\/www.proudlyportugal.pt\/pt-pt\/wp-json\/wp\/v2\/pages\/2342","targetHints":{"allow":["GET"]}}],"collection":[{"href":"https:\/\/www.proudlyportugal.pt\/pt-pt\/wp-json\/wp\/v2\/pages"}],"about":[{"href":"https:\/\/www.proudlyportugal.pt\/pt-pt\/wp-json\/wp\/v2\/types\/page"}],"author":[{"embeddable":true,"href":"https:\/\/www.proudlyportugal.pt\/pt-pt\/wp-json\/wp\/v2\/users\/1"}],"replies":[{"embeddable":true,"href":"https:\/\/www.proudlyportugal.pt\/pt-pt\/wp-json\/wp\/v2\/comments?post=2342"}],"version-history":[{"count":5,"href":"https:\/\/www.proudlyportugal.pt\/pt-pt\/wp-json\/wp\/v2\/pages\/2342\/revisions"}],"predecessor-version":[{"id":4437,"href":"https:\/\/www.proudlyportugal.pt\/pt-pt\/wp-json\/wp\/v2\/pages\/2342\/revisions\/4437"}],"up":[{"embeddable":true,"href":"https:\/\/www.proudlyportugal.pt\/pt-pt\/wp-json\/wp\/v2\/pages\/2344"}],"wp:featuredmedia":[{"embeddable":true,"href":"https:\/\/www.proudlyportugal.pt\/pt-pt\/wp-json\/wp\/v2\/media\/1437"}],"wp:attachment":[{"href":"https:\/\/www.proudlyportugal.pt\/pt-pt\/wp-json\/wp\/v2\/media?parent=2342"}],"curies":[{"name":"wp","href":"https:\/\/api.w.org\/{rel}","templated":true}]}}