{"id":2345,"date":"2019-08-28T13:32:26","date_gmt":"2019-08-28T13:32:26","guid":{"rendered":"https:\/\/proudlyportugal.pt\/homepage\/"},"modified":"2023-03-14T16:46:56","modified_gmt":"2023-03-14T16:46:56","slug":"homepage","status":"publish","type":"page","link":"https:\/\/www.proudlyportugal.pt\/pt-pt\/","title":{"rendered":"Homepage"},"content":{"rendered":"","protected":false},"excerpt":{"rendered":"<p>Portugal \u00e9 um dos destinos LGBTQ mais trendy. Conhece os cen\u00e1rios encantadores que este pa\u00eds tem para oferecer e vive experi\u00eancias memor\u00e1veis.<\/p>\n","protected":false},"author":1,"featured_media":0,"parent":0,"menu_order":0,"comment_status":"closed","ping_status":"closed","template":"templates\/homepage.php","meta":{"_acf_changed":false,"footnotes":""},"class_list":["post-2345","page","type-page","status-publish","hentry","page-entry"],"acf":[],"aioseo_notices":[],"_links":{"self":[{"href":"https:\/\/www.proudlyportugal.pt\/pt-pt\/wp-json\/wp\/v2\/pages\/2345","targetHints":{"allow":["GET"]}}],"collection":[{"href":"https:\/\/www.proudlyportugal.pt\/pt-pt\/wp-json\/wp\/v2\/pages"}],"about":[{"href":"https:\/\/www.proudlyportugal.pt\/pt-pt\/wp-json\/wp\/v2\/types\/page"}],"author":[{"embeddable":true,"href":"https:\/\/www.proudlyportugal.pt\/pt-pt\/wp-json\/wp\/v2\/users\/1"}],"replies":[{"embeddable":true,"href":"https:\/\/www.proudlyportugal.pt\/pt-pt\/wp-json\/wp\/v2\/comments?post=2345"}],"version-history":[{"count":5,"href":"https:\/\/www.proudlyportugal.pt\/pt-pt\/wp-json\/wp\/v2\/pages\/2345\/revisions"}],"predecessor-version":[{"id":4719,"href":"https:\/\/www.proudlyportugal.pt\/pt-pt\/wp-json\/wp\/v2\/pages\/2345\/revisions\/4719"}],"wp:attachment":[{"href":"https:\/\/www.proudlyportugal.pt\/pt-pt\/wp-json\/wp\/v2\/media?parent=2345"}],"curies":[{"name":"wp","href":"https:\/\/api.w.org\/{rel}","templated":true}]}}