{"id":2347,"date":"2019-07-17T10:03:35","date_gmt":"2019-07-17T10:03:35","guid":{"rendered":"https:\/\/proudlyportugal.pt\/info\/privacy-policy\/"},"modified":"2023-03-20T15:04:48","modified_gmt":"2023-03-20T15:04:48","slug":"privacy-policy","status":"publish","type":"page","link":"https:\/\/www.proudlyportugal.pt\/pt-pt\/informacoes\/privacy-policy\/","title":{"rendered":"Pol\u00edtica de Privacidade"},"content":{"rendered":"\n<p>Na <strong>Varia\u00e7\u00f5es &#8211; Associa\u00e7\u00e3o de Com\u00e9rcio e Turismo LGBTI de Portugal<\/strong>, doravante&nbsp;<strong>Varia\u00e7\u00f5es<\/strong>, empenhamo-nos em proteger a privacidade e seguran\u00e7a dos utilizadores deste website, incluindo Voc\u00ea\/Utilizador, valorizando e respeitando plenamente a import\u00e2ncia da privacidade e seguran\u00e7a dos dados no Internet.<\/p>\n\n\n\n<div style=\"height:100px\" aria-hidden=\"true\" class=\"wp-block-spacer\"><\/div>\n\n\n\n<h3 class=\"wp-block-heading\"><strong>1.INTRODU\u00c7\u00c3O<\/strong><\/h3>\n\n\n\n<p>Recolhemos os seus dados para melhorar constantemente a sua experi\u00eancia de utilizador e garantir o m\u00e1ximo sucesso da nossa rela\u00e7\u00e3o comercial.<\/p>\n\n\n\n<p>Todos os dados pessoais recolhidos s\u00e3o tratados no \u00e2mbito e estrito cumprimento do Regulamento Geral de Prote\u00e7\u00e3o de Dados (doravante, RGPD) e restante legisla\u00e7\u00e3o portuguesa e europeia relevante.<\/p>\n\n\n\n<p>A <strong>Varia\u00e7\u00f5es<\/strong>&nbsp;compromete-se a implementar as medidas de seguran\u00e7a necess\u00e1rias ao tratamento de dados pessoais em conformidade com o RGPD, recorrendo a medidas f\u00edsicas, administrativas e t\u00e9cnicas de prote\u00e7\u00e3o da informa\u00e7\u00e3o recolhida. No entanto, as transmiss\u00f5es de dados baseadas na Internet podem, em princ\u00edpio, ter falhas de seguran\u00e7a, portanto, a prote\u00e7\u00e3o absoluta pode n\u00e3o ser garantida.<\/p>\n\n\n\n<p>Ao utilizar o nosso website, est\u00e1 a concordar com a utiliza\u00e7\u00e3o dos seus dados pessoais nos termos desta Pol\u00edtica de Privacidade.<\/p>\n\n\n\n<p>Este aviso abrange todos os sites, aplica\u00e7\u00f5es e servi\u00e7os da <strong>Varia\u00e7\u00f5es<\/strong>, incluindo o site https:\/\/www.proudlyportugal.pt para computador ou outro dispositivo de acesso \u00e0 internet.<\/p>\n\n\n\n<p>Ao utilizar os nossos websites, os seguintes dados podem ser colectados:<\/p>\n\n\n\n<ul class=\"wp-block-list\">\n<li>Dados obtidos atrav\u00e9s da navega\u00e7\u00e3o no nosso website;<\/li>\n\n\n\n<li>Dados fornecidos diretamente por Si.<\/li>\n<\/ul>\n\n\n\n<div style=\"height:100px\" aria-hidden=\"true\" class=\"wp-block-spacer\"><\/div>\n\n\n\n<h3 class=\"wp-block-heading\"><strong>2. <\/strong>POL\u00cdTICA RELATIVA A DADOS OBTIDOS ATRAV\u00c9S DA NAVEGA\u00c7\u00c3O NO NOSSO WEBSITE<\/h3>\n\n\n\n<p><strong>a. Navega\u00e7\u00e3o An\u00f3nima<\/strong><\/p>\n\n\n\n<p>No caso de navega\u00e7\u00e3o an\u00f3nima, a&nbsp;<strong>Varia\u00e7\u00f5es<\/strong> obter\u00e1 apenas e armazenar\u00e1 os seguintes dados dos visitantes do website:<\/p>\n\n\n\n<p>\u2013 n\u00famero do dom\u00ednio do servidor que d\u00e1 acesso \u00e0 rede;<\/p>\n\n\n\n<p>\u2013 data e hora de acesso \u00e0 p\u00e1gina web \u2013 estes dados permitir\u00e3o determinar a hora com maior tr\u00e1fego e permitir os ajustes necess\u00e1rios para evitar problemas de satura\u00e7\u00e3o durante essa hora;<\/p>\n\n\n\n<p>\u2013 n\u00famero di\u00e1rio de visitantes em cada \u00e1rea da p\u00e1gina.<\/p>\n\n\n\n<p>Todos estes dados protegem o anonimato dos Utilizadores, n\u00e3o consubstanciam dados pessoais e, de forma alguma, ser\u00e3o suscet\u00edveis de identificar algum Utilizador espec\u00edfico.<\/p>\n\n\n\n<p><strong>b. Navega\u00e7\u00e3o com cookies<\/strong><\/p>\n\n\n\n<p>A <strong>Varia\u00e7\u00f5es<\/strong>&nbsp;utiliza cookies quando visita o nosso website. Cookies s\u00e3o pequenos arquivos de dados que s\u00e3o gerados nos dispositivos dos Utilizadores e que permitir\u00e3o, entre outros, o acesso aos seguintes dados:<\/p>\n\n\n\n<p>\u2013 data e hora da \u00faltima visita do Utilizador \u00e0 p\u00e1gina web;<\/p>\n\n\n\n<p>\u2013 o desenho dos conte\u00fados que o Utilizador escolhe na primeira visita \u00e0 p\u00e1gina web;<\/p>\n\n\n\n<p>\u2013 elementos de seguran\u00e7a no controlo de acesso a \u00e1reas restritas.<\/p>\n\n\n\n<p>Existem quatro tipos principais de cookies \u2013 veja como e porque motivo os utilizamos:<\/p>\n\n\n\n<ul class=\"wp-block-list\">\n<li>Cookies de funcionalidade do website \u2013 estes cookies permitem que navegue no website e utilize os nossos recursos, como, por exemplo, \u201cSubscri\u00e7\u00e3o de Newsletter\u201d.<\/li>\n\n\n\n<li>Cookies anal\u00edticos do website \u2013 estes cookies permitem-nos medir e analisar como os Utilizadores visitam o website, para melhorar as suas funcionalidades e experi\u00eancia de utiliza\u00e7\u00e3o.<\/li>\n\n\n\n<li>Cookies de prefer\u00eancias do Utilizador \u2013 quando navega ou utiliza o nosso website, estes cookies guardam as suas prefer\u00eancias (como o seu idioma ou localiza\u00e7\u00e3o), para que possamos tornar a sua experi\u00eancia de utiliza\u00e7\u00e3o o mais perfeita poss\u00edvel e mais personalizada.<\/li>\n\n\n\n<li>Cookies de segmenta\u00e7\u00e3o ou publicidade \u2013 estes cookies s\u00e3o utilizados para lhe mostrar an\u00fancios relevantes para si. Tamb\u00e9m limitam o n\u00famero de vezes que v\u00ea um an\u00fancio e ajudam-nos a medir a efic\u00e1cia de nossas campanhas de marketing.<br><\/li>\n<\/ul>\n\n\n\n<p>Ao utilizar o nosso website, concorda em colocar estes tipos de cookies no seu dispositivo e a recorrer aos mesmos quando visitar o website no futuro. Se desejar excluir quaisquer cookies que j\u00e1 estejam no seu dispositivo, a se\u00e7\u00e3o \u201cAjuda\u201d no seu browser deve fornecer instru\u00e7\u00f5es sobre como identificar e localizar o arquivo ou diret\u00f3rio que armazena os cookies. Mais informa\u00e7\u00f5es sobre cookies podem ser encontradas em www.aboutcookies.org. Por favor considere que, ao excluir ou desativar cookies futuros, a sua experi\u00eancia de utilizador pode ser afetada e poder\u00e1 n\u00e3o conseguir recorrer a certas funcionalidades do nosso website.<\/p>\n\n\n\n<p>A <strong>Varia\u00e7\u00f5es<\/strong> armazenar\u00e1 estes dados por um per\u00edodo de 12 meses ap\u00f3s o qual todos os dados ser\u00e3o eliminados.<\/p>\n\n\n\n<p><strong>c. Websites terceiros<\/strong><\/p>\n\n\n\n<p>Esta Pol\u00edtica de Privacidade n\u00e3o se aplica \u00e0s pr\u00e1ticas de informa\u00e7\u00e3o de empresas terceiras (incluindo, sem limita\u00e7\u00e3o, os seus websites, plataformas e\/ou aplica\u00e7\u00f5es) que&nbsp;a <strong>Varia\u00e7\u00f5es<\/strong>&nbsp;n\u00e3o possui ou controla, por exemplo, websites relacionados com imprensa que poder\u00e1 encontrar em sec\u00e7\u00f5es de  Imprensa no nosso website.<\/p>\n\n\n\n<p>Estes websites terceiros podem ter as suas pr\u00f3prias Pol\u00edticas de Privacidade e Termos e Condi\u00e7\u00f5es. Incentivamos a que os leia antes de os utilizar.<\/p>\n\n\n\n<div style=\"height:100px\" aria-hidden=\"true\" class=\"wp-block-spacer\"><\/div>\n\n\n\n<h3 class=\"wp-block-heading\"><strong>3. <\/strong>POL\u00cdTICA RELATIVA A DADOS FORNECIDOS DIRETAMENTE POR SI<\/h3>\n\n\n\n<p>Se subscrever a nossa Newsletter, iremos solicitar o seu nome, sobrenome e endere\u00e7o de e-mail.<\/p>\n\n\n\n<p>Os dados pessoais recolhidos no \u00e2mbito da subscri\u00e7\u00e3o da newsletter ser\u00e3o apenas utilizados para o envio da nossa newsletter. A subscri\u00e7\u00e3o da nossa newsletter pode ser cancelada a qualquer momento, cancelando a subscri\u00e7\u00e3o diretamente no nosso site ou enviando-nos um email para <a href=\"mailto:info@proudlyportugal.pt\">info@proudlyportugal.pt<\/a>.<\/p>\n\n\n\n<div style=\"height:100px\" aria-hidden=\"true\" class=\"wp-block-spacer\"><\/div>\n\n\n\n<h3 class=\"wp-block-heading\"><strong>4. ARMAZENAMENTO DE DADOS<\/strong><\/h3>\n\n\n\n<p>As informa\u00e7\u00f5es que fornecer ser\u00e3o armazenadas enquanto a sua conta existir, ou conforme necess\u00e1rio para o fornecimento de Servi\u00e7os, ou (no caso de qualquer contato que possa ter connosco nesse sentido) pelo tempo que for necess\u00e1rio fornecer relat\u00f3rios relacionados ao suporte e an\u00e1lise de tend\u00eancias.<br><br>Pode optar por n\u00e3o receber as nossas comunica\u00e7\u00f5es de marketing a qualquer momento, clicando no link \u201ccancelar subscri\u00e7\u00e3o\u201d em qualquer comunica\u00e7\u00e3o por e-mail que possamos enviar-lhe ou entrando em contato conosco por e-mail.<\/p>\n\n\n\n<div style=\"height:100px\" aria-hidden=\"true\" class=\"wp-block-spacer\"><\/div>\n\n\n\n<h3 class=\"wp-block-heading\"><strong>5. DPO E DATA CONTROLLERS<\/strong><\/h3>\n\n\n\n<p>A <strong>Varia\u00e7\u00f5es<\/strong>&nbsp;adota as medidas de seguran\u00e7a necess\u00e1rias para garantir a prote\u00e7\u00e3o dos dados dos seus Utilizadores e clientes contra qualquer tratamento il\u00edcito, nomeadamente a sua divulga\u00e7\u00e3o, perda, uso indevido, modifica\u00e7\u00e3o, tratamento ou acesso n\u00e3o autorizado.<\/p>\n\n\n\n<p>A <strong>Varia\u00e7\u00f5es<\/strong>&nbsp;assegura que todos os dados fornecidos pelos Utilizadores e clientes do website s\u00e3o tratados de acordo com o Regulamento (UE) 2016\/679 do Parlamento Europeu e do Conselho de 27 de abril de 2016, e restante legisla\u00e7\u00e3o aplic\u00e1vel.<\/p>\n\n\n\n<p>Os dados confidenciais s\u00e3o protegidos por criptografia SSL quando s\u00e3o trocados entre o seu navegador da web e nosso website que est\u00e1 hospedado nos servidores <a href=\"https:\/\/www.dominios.pt\/\" target=\"_blank\" rel=\"noopener\" title=\"\">DMNS, S.A<\/a>.\u00a0<\/p>\n\n\n\n<p>Para efeitos do Regulamento Geral de Prote\u00e7\u00e3o de Dados (RGPD), outras leis de prote\u00e7\u00e3o de dados aplic\u00e1veis e outras disposi\u00e7\u00f5es relacionadas com a prote\u00e7\u00e3o de dados, pode contactar-nos:<\/p>\n\n\n\n<p><strong>Por correio:<\/strong><\/p>\n\n\n\n<p><strong>Varia\u00e7\u00f5es &#8211; Associa\u00e7\u00e3o de Com\u00e9rcio e Turismo LGBTI de Portugal<\/strong>, \u00e9 uma associa\u00e7\u00e3o registada com o n\u00famero de contribuinte 514 536 810, com sede na Travessa Andr\u00e9 Valente, 21, 1200-024 Lisboa, Portugal<\/p>\n\n\n\n<p><strong>Por e-mail:&nbsp;<\/strong><\/p>\n\n\n\n<p><a href=\"mailto:info@proudlyportugal.pt\">info@proudlyportugal.pt<\/a><\/p>\n\n\n\n<div style=\"height:100px\" aria-hidden=\"true\" class=\"wp-block-spacer\"><\/div>\n\n\n\n<h3 class=\"wp-block-heading\"><strong>6. DIREITOS DOS TITULARES DE DADOS<\/strong><\/h3>\n\n\n\n<p>Os oito direitos que os Utilizadores t\u00eam sob o RGPD est\u00e3o alinhados com os princ\u00edpios b\u00e1sicos de transpar\u00eancia, seguran\u00e7a e responsabilidade.<\/p>\n\n\n\n<p>A <strong>Varia\u00e7\u00f5es<\/strong>&nbsp;garante a todos os Utilizadores do seu website o pleno exerc\u00edcio dos seus direitos, em conformidade com o RGPD, nomeadamente:<\/p>\n\n\n\n<ol class=\"wp-block-list\">\n<li>o Direito de Ser Informado: com base nos princ\u00edpios de transpar\u00eancia e responsabilidade, tem o direito de conhecer os detalhes dos processos usados para colectar, processar e armazenar os Seus dados;<\/li>\n\n\n\n<li>o Direito de Acesso: tem o direito de perguntar sobre qualquer um dos Seus dados pessoais e solicitar informa\u00e7\u00f5es ou acesso aos mesmos;<\/li>\n\n\n\n<li>o Direito de Retifica\u00e7\u00e3o: tem o direito de pedir para corrigir os Seus dados caso estejam inexatos ou incompletos, em conformidade com o princ\u00edpio do RGPD de precis\u00e3o de dados;<\/li>\n\n\n\n<li>o Direito de Elimina\u00e7\u00e3o: tamb\u00e9m conhecido como \u201cdireito a ser esquecido\u201d, tem o direito de apagar Seus dados pessoais;<\/li>\n\n\n\n<li>o Direito de Restringir o Processamento: como op\u00e7\u00e3o ao Direito acima mencionado (6.4), tem o direito de solicitar a restri\u00e7\u00e3o do processamento dos Seus dados pessoais;<\/li>\n\n\n\n<li>o Direito \u00e0 Portabilidade de Dados: pode solicitar uma c\u00f3pia dos Seus dados pessoais e tamb\u00e9m impedir que eles sejam transferidos para terceiros;<\/li>\n\n\n\n<li>o Direito de Oposi\u00e7\u00e3o: pode op\u00f4r-se ao tratamento dos seus dados, nomeadamente para efeitos de marketing;<\/li>\n\n\n\n<li>o Direito de apresentar reclama\u00e7\u00e3o \u00e0 Comiss\u00e3o Nacional\u00a0de\u00a0Prote\u00e7\u00e3o de Dados\u00a0(<a href=\"https:\/\/www.cnpd.pt\/\" target=\"_blank\" rel=\"noopener\" title=\"\">www.cnpd.pt<\/a>), caso considere que algum dos direitos acima referidos pode ser ter sido violado e\/ou considere que o tratamento dos seus dados viola o RGPD.<\/li>\n<\/ol>\n\n\n\n<p>Poder\u00e1 exercer os seus direitos, a qualquer momento, recorrendo a uma das seguintes op\u00e7\u00f5es, incluindo, em qualquer um dos casos, a c\u00f3pia de um documento que comprove a sua identidade e especifique o(s) direito(s) que pretende exercer:<\/p>\n\n\n\n<p><strong>Por correio:<\/strong><\/p>\n\n\n\n<p><strong>Varia\u00e7\u00f5es &#8211; Associa\u00e7\u00e3o de Com\u00e9rcio e Turismo LGBTI de Portugal<\/strong>, \u00e9 uma associa\u00e7\u00e3o registada com o n\u00famero de contribuinte 514 536 810, com sede na Travessa Andr\u00e9 Valente, 21, 1200-024 Lisboa, Portugal<\/p>\n\n\n\n<p><strong>Por e-mail:&nbsp;<\/strong><\/p>\n\n\n\n<p><a href=\"mailto:info@proudlyportugal.pt\">info@proudlyportugal.pt<\/a><\/p>\n\n\n\n<div style=\"height:100px\" aria-hidden=\"true\" class=\"wp-block-spacer\"><\/div>\n\n\n\n<p>Agradecemos pelo tempo dispensado.<\/p>\n","protected":false},"excerpt":{"rendered":"<p>Aprende mais sobre a nossa Pol\u00edtica de Privacidade. <\/p>\n","protected":false},"author":1,"featured_media":0,"parent":2340,"menu_order":0,"comment_status":"closed","ping_status":"open","template":"templates\/privacy-policy.php","meta":{"_acf_changed":false,"footnotes":""},"class_list":["post-2347","page","type-page","status-publish","hentry","page-entry"],"acf":[],"aioseo_notices":[],"_links":{"self":[{"href":"https:\/\/www.proudlyportugal.pt\/pt-pt\/wp-json\/wp\/v2\/pages\/2347","targetHints":{"allow":["GET"]}}],"collection":[{"href":"https:\/\/www.proudlyportugal.pt\/pt-pt\/wp-json\/wp\/v2\/pages"}],"about":[{"href":"https:\/\/www.proudlyportugal.pt\/pt-pt\/wp-json\/wp\/v2\/types\/page"}],"author":[{"embeddable":true,"href":"https:\/\/www.proudlyportugal.pt\/pt-pt\/wp-json\/wp\/v2\/users\/1"}],"replies":[{"embeddable":true,"href":"https:\/\/www.proudlyportugal.pt\/pt-pt\/wp-json\/wp\/v2\/comments?post=2347"}],"version-history":[{"count":5,"href":"https:\/\/www.proudlyportugal.pt\/pt-pt\/wp-json\/wp\/v2\/pages\/2347\/revisions"}],"predecessor-version":[{"id":4750,"href":"https:\/\/www.proudlyportugal.pt\/pt-pt\/wp-json\/wp\/v2\/pages\/2347\/revisions\/4750"}],"up":[{"embeddable":true,"href":"https:\/\/www.proudlyportugal.pt\/pt-pt\/wp-json\/wp\/v2\/pages\/2340"}],"wp:attachment":[{"href":"https:\/\/www.proudlyportugal.pt\/pt-pt\/wp-json\/wp\/v2\/media?parent=2347"}],"curies":[{"name":"wp","href":"https:\/\/api.w.org\/{rel}","templated":true}]}}